{"id":85,"date":"2020-04-28T14:54:48","date_gmt":"2020-04-28T14:54:48","guid":{"rendered":"https:\/\/zeelandvilla.nl\/?page_id=85"},"modified":"2020-04-28T15:37:53","modified_gmt":"2020-04-28T15:37:53","slug":"activiteiten","status":"publish","type":"page","link":"https:\/\/zeelandvilla.nl\/de\/activiteiten\/","title":{"rendered":"AKTIVIT\u00c4TEN"},"content":{"rendered":"<p>[et_pb_section fb_built=&#8221;1&#8243; _builder_version=&#8221;4.4.4&#8243;][et_pb_row _builder_version=&#8221;4.4.4&#8243;][et_pb_column _builder_version=&#8221;4.4.4&#8243; type=&#8221;4_4&#8243;][et_pb_text _builder_version=&#8221;4.4.4&#8243; header_font=&#8221;|600|||||||&#8221;]<\/p>\n<h1>AKTIVIT\u00c4TEN IN DER N\u00c4HE EINER VILLA AM MEER<\/h1>\n<p>[\/et_pb_text][\/et_pb_column][\/et_pb_row][et_pb_row _builder_version=&#8221;4.4.4&#8243; column_structure=&#8221;1_2,1_2&#8243; hover_enabled=&#8221;0&#8243;][et_pb_column _builder_version=&#8221;4.4.4&#8243; type=&#8221;1_2&#8243;][et_pb_text _builder_version=&#8221;4.4.4&#8243; hover_enabled=&#8221;0&#8243;]<\/p>\n<p><strong>F\u00fcr jedes Alter gibt es lustige Aktivit\u00e4ten<\/strong><\/p>\n<p>Der Ferienpark bietet viele Aktivit\u00e4ten an:<\/p>\n<ul>\n<li>Kinderunterhaltung mit Koos-Hase<\/li>\n<li>Fahrrad- und Rollerverleih<\/li>\n<li>Hallenbad<\/li>\n<li>Minigolf<\/li>\n<li>Tennispl\u00e4tze<\/li>\n<li>Bogenschie\u00dfen<\/li>\n<li>verschiedene Spielplatzger\u00e4te und Sprungtrampolin<\/li>\n<\/ul>\n<p>[\/et_pb_text][\/et_pb_column][et_pb_column _builder_version=&#8221;4.4.4&#8243; type=&#8221;1_2&#8243;][et_pb_image src=&#8221;https:\/\/zeelandvilla.nl\/wp-content\/uploads\/2020\/04\/golf.jpg&#8221; _builder_version=&#8221;4.4.4&#8243; alt=&#8221;Midgetgolf&#8221; title_text=&#8221;Midgetgolf&#8221; hover_enabled=&#8221;0&#8243;][\/et_pb_image][et_pb_image src=&#8221;https:\/\/zeelandvilla.nl\/wp-content\/uploads\/2020\/04\/paardrijden.jpg&#8221; _builder_version=&#8221;4.4.4&#8243; alt=&#8221;Paardrijden&#8221; title_text=&#8221;Paardrijden&#8221; hover_enabled=&#8221;0&#8243;][\/et_pb_image][\/et_pb_column][\/et_pb_row][et_pb_row _builder_version=&#8221;4.4.4&#8243;][et_pb_column type=&#8221;4_4&#8243; _builder_version=&#8221;4.4.4&#8243;][et_pb_text _builder_version=&#8221;4.4.4&#8243; hover_enabled=&#8221;0&#8243; header_2_font=&#8221;Montserrat|600||on|||||&#8221; header_2_font_size=&#8221;30px&#8221; header_2_text_color=&#8221;#e09900&#8243;]<\/p>\n<h2><span style=\"font-size: 14px;\">Umgebung<\/span><\/h2>\n<p><span style=\"font-size: 14px;\">Das Gebiet bietet viele besondere D\u00f6rfer und St\u00e4dte mit einer reichen Geschichte, darunter Veere, Domburg, Middelburg oder Goes.<\/span><br \/><span style=\"font-size: 14px;\"><\/span><\/p>\n<p>Kamperland ist nur wenige Autominuten entfernt und verf\u00fcgt \u00fcber ein modernes Einkaufszentrum mit Albert Heijn, Etos, Optiker, Fischgesch\u00e4ft, Bekleidungsgesch\u00e4ften usw. Vor kurzem wurde auch eine ALDI er\u00f6ffnet.\u00a0<span style=\"font-size: 14px;\"><\/span><\/p>\n<p class=\" translation-block\">Das <a href=\"http:\/\/www.vvvzeeland.nl\/\" target=\"_self\">VVV of Zeeland<\/a> bietet viele Informationen \u00fcber Sehensw\u00fcrdigkeiten, Museen, Rad- und Wanderrouten usw.<\/p>\n<p class=\" translation-block\"><a href=\"http:\/\/www.neeltjejans.nl\/\" target=\"_self\">Delta Park Neeltje Jans<\/a><span>  ist ein ganzer Tag, an dem man die Meerestiere geniessen, Attraktionen bestaunen und alles von den Deltawerken aus sehen kann!<\/span><\/p>\n<p class=\" translation-block\">Ein <a href=\"http:\/\/www.zwemer.nl\/\" target=\"_self\">Segelboot zum Mieten bei Zwemer in Kamperland.<\/a> Ein Tirion mit kleiner Kabine, ger\u00e4umigem Cockpit und Au\u00dfenbordmotor bietet einen Tag komfortables Segeln auf dem Veerse Meer.<\/p>\n<p class=\" translation-block\"><a href=\"http:\/\/www.thijs-surfschool.nl\/\" target=\"_self\">Surfschule Thijs<\/a> befindet sich ebenfalls am Veerse Meer und bietet alles im Bereich des Surfens: Unterricht, Surfshop und eine speziell angepasste Bank f\u00fcr Surfer.<\/p>\n<p class=\" translation-block\">Neben der Surfschule befindet sich ein brandneues <a href=\"http:\/\/www.waterski-zeeland.nl\/\" target=\"_self\">Wasserski- und Wakeboardzentrum<\/a>.<\/p>\n<p class=\" translation-block\">Eine weitere Surfschule zwischen Zeelandvilla und Veerse Meer bietet ebenfalls die M\u00f6glichkeit des <a href=\"http:\/\/www.windsurfschool.nl\/\" target=\"_self\">Kitesurfing<\/a>.<\/p>\n<p>[\/et_pb_text][\/et_pb_column][\/et_pb_row][\/et_pb_section]<\/p>","protected":false},"excerpt":{"rendered":"<p>ACTIVITEITEN IN OMGEVING VAN ZEELANDVILLAVoor elke leeftijd zijn er leuke activiteiten Het vakantiepark biedt vele activiteiten: kinderanimatie met Koos Konijn fiets- en scooterverhuur overdekt zwembad midgetgolf tennisbanen boogschieten diverse speeltoestellen en springtrampoline Omgeving De omgeving biedt vele bijzondere dorpen en steden met een rijke historie waaronder Veere, Domburg, Middelburg of Goes. Kamperland ligt op enkele [&hellip;]<\/p>","protected":false},"author":1,"featured_media":0,"parent":0,"menu_order":0,"comment_status":"closed","ping_status":"closed","template":"","meta":{"_et_pb_use_builder":"on","_et_pb_old_content":"","_et_gb_content_width":""},"yoast_head":"<!-- This site is optimized with the Yoast SEO plugin v20.1 - https:\/\/yoast.com\/wordpress\/plugins\/seo\/ -->\n<title>ACTIVITEITEN - Zeelandvilla<\/title>\n<meta name=\"robots\" content=\"index, follow, max-snippet:-1, max-image-preview:large, max-video-preview:-1\" \/>\n<link rel=\"canonical\" href=\"https:\/\/zeelandvilla.nl\/de\/activiteiten\/\" \/>\n<meta property=\"og:locale\" content=\"de_DE\" \/>\n<meta property=\"og:type\" content=\"article\" \/>\n<meta property=\"og:title\" content=\"ACTIVITEITEN - Zeelandvilla\" \/>\n<meta property=\"og:description\" content=\"ACTIVITEITEN IN OMGEVING VAN ZEELANDVILLAVoor elke leeftijd zijn er leuke activiteiten Het vakantiepark biedt vele activiteiten: kinderanimatie met Koos Konijn fiets- en scooterverhuur overdekt zwembad midgetgolf tennisbanen boogschieten diverse speeltoestellen en springtrampoline Omgeving De omgeving biedt vele bijzondere dorpen en steden met een rijke historie waaronder Veere, Domburg, Middelburg of Goes. Kamperland ligt op enkele [&hellip;]\" \/>\n<meta property=\"og:url\" content=\"https:\/\/zeelandvilla.nl\/de\/activiteiten\/\" \/>\n<meta property=\"og:site_name\" content=\"Zeelandvilla\" \/>\n<meta property=\"article:modified_time\" content=\"2020-04-28T15:37:53+00:00\" \/>\n<meta name=\"twitter:card\" content=\"summary_large_image\" \/>\n<meta name=\"twitter:label1\" content=\"Gesch\u00e4tzte Lesezeit\" \/>\n\t<meta name=\"twitter:data1\" content=\"2\u00a0Minuten\" \/>\n<script type=\"application\/ld+json\" class=\"yoast-schema-graph\">{\"@context\":\"https:\/\/schema.org\",\"@graph\":[{\"@type\":\"WebPage\",\"@id\":\"https:\/\/zeelandvilla.nl\/activiteiten\/\",\"url\":\"https:\/\/zeelandvilla.nl\/activiteiten\/\",\"name\":\"ACTIVITEITEN - Zeelandvilla\",\"isPartOf\":{\"@id\":\"https:\/\/zeelandvilla.nl\/nl_nl\/#website\"},\"datePublished\":\"2020-04-28T14:54:48+00:00\",\"dateModified\":\"2020-04-28T15:37:53+00:00\",\"breadcrumb\":{\"@id\":\"https:\/\/zeelandvilla.nl\/activiteiten\/#breadcrumb\"},\"inLanguage\":\"de\",\"potentialAction\":[{\"@type\":\"ReadAction\",\"target\":[\"https:\/\/zeelandvilla.nl\/activiteiten\/\"]}]},{\"@type\":\"BreadcrumbList\",\"@id\":\"https:\/\/zeelandvilla.nl\/activiteiten\/#breadcrumb\",\"itemListElement\":[{\"@type\":\"ListItem\",\"position\":1,\"name\":\"Home\",\"item\":\"https:\/\/zeelandvilla.nl\/nl_nl\/\"},{\"@type\":\"ListItem\",\"position\":2,\"name\":\"ACTIVITEITEN\"}]},{\"@type\":\"WebSite\",\"@id\":\"https:\/\/zeelandvilla.nl\/nl_nl\/#website\",\"url\":\"https:\/\/zeelandvilla.nl\/nl_nl\/\",\"name\":\"Zeelandvilla\",\"description\":\"Vakantiehuis aan Zeeuwse kust\",\"publisher\":{\"@id\":\"https:\/\/zeelandvilla.nl\/nl_nl\/#\/schema\/person\/6937f6f721a27509f3f6c393fb679ee1\"},\"potentialAction\":[{\"@type\":\"SearchAction\",\"target\":{\"@type\":\"EntryPoint\",\"urlTemplate\":\"https:\/\/zeelandvilla.nl\/nl_nl\/?s={search_term_string}\"},\"query-input\":\"required name=search_term_string\"}],\"inLanguage\":\"de\"},{\"@type\":[\"Person\",\"Organization\"],\"@id\":\"https:\/\/zeelandvilla.nl\/nl_nl\/#\/schema\/person\/6937f6f721a27509f3f6c393fb679ee1\",\"name\":\"admin\",\"image\":{\"@type\":\"ImageObject\",\"inLanguage\":\"de\",\"@id\":\"https:\/\/zeelandvilla.nl\/nl_nl\/#\/schema\/person\/image\/\",\"url\":\"https:\/\/secure.gravatar.com\/avatar\/4221cb05316dfcfa3ba3e7f8a4c9419d?s=96&d=mm&r=g\",\"contentUrl\":\"https:\/\/secure.gravatar.com\/avatar\/4221cb05316dfcfa3ba3e7f8a4c9419d?s=96&d=mm&r=g\",\"caption\":\"admin\"},\"logo\":{\"@id\":\"https:\/\/zeelandvilla.nl\/nl_nl\/#\/schema\/person\/image\/\"},\"sameAs\":[\"https:\/\/zeelandvilla.nl\"]}]}<\/script>\n<!-- \/ Yoast SEO plugin. -->","yoast_head_json":{"title":"ACTIVITEITEN - Zeelandvilla","robots":{"index":"index","follow":"follow","max-snippet":"max-snippet:-1","max-image-preview":"max-image-preview:large","max-video-preview":"max-video-preview:-1"},"canonical":"https:\/\/zeelandvilla.nl\/de\/activiteiten\/","og_locale":"de_DE","og_type":"article","og_title":"ACTIVITEITEN - Zeelandvilla","og_description":"ACTIVITEITEN IN OMGEVING VAN ZEELANDVILLAVoor elke leeftijd zijn er leuke activiteiten Het vakantiepark biedt vele activiteiten: kinderanimatie met Koos Konijn fiets- en scooterverhuur overdekt zwembad midgetgolf tennisbanen boogschieten diverse speeltoestellen en springtrampoline Omgeving De omgeving biedt vele bijzondere dorpen en steden met een rijke historie waaronder Veere, Domburg, Middelburg of Goes. Kamperland ligt op enkele [&hellip;]","og_url":"https:\/\/zeelandvilla.nl\/de\/activiteiten\/","og_site_name":"Zeelandvilla","article_modified_time":"2020-04-28T15:37:53+00:00","twitter_card":"summary_large_image","twitter_misc":{"Gesch\u00e4tzte Lesezeit":"2\u00a0Minuten"},"schema":{"@context":"https:\/\/schema.org","@graph":[{"@type":"WebPage","@id":"https:\/\/zeelandvilla.nl\/activiteiten\/","url":"https:\/\/zeelandvilla.nl\/activiteiten\/","name":"ACTIVITEITEN - Zeelandvilla","isPartOf":{"@id":"https:\/\/zeelandvilla.nl\/nl_nl\/#website"},"datePublished":"2020-04-28T14:54:48+00:00","dateModified":"2020-04-28T15:37:53+00:00","breadcrumb":{"@id":"https:\/\/zeelandvilla.nl\/activiteiten\/#breadcrumb"},"inLanguage":"de","potentialAction":[{"@type":"ReadAction","target":["https:\/\/zeelandvilla.nl\/activiteiten\/"]}]},{"@type":"BreadcrumbList","@id":"https:\/\/zeelandvilla.nl\/activiteiten\/#breadcrumb","itemListElement":[{"@type":"ListItem","position":1,"name":"Home","item":"https:\/\/zeelandvilla.nl\/nl_nl\/"},{"@type":"ListItem","position":2,"name":"ACTIVITEITEN"}]},{"@type":"WebSite","@id":"https:\/\/zeelandvilla.nl\/nl_nl\/#website","url":"https:\/\/zeelandvilla.nl\/nl_nl\/","name":"Zeelandvilla","description":"Vakantiehuis aan Zeeuwse kust","publisher":{"@id":"https:\/\/zeelandvilla.nl\/nl_nl\/#\/schema\/person\/6937f6f721a27509f3f6c393fb679ee1"},"potentialAction":[{"@type":"SearchAction","target":{"@type":"EntryPoint","urlTemplate":"https:\/\/zeelandvilla.nl\/nl_nl\/?s={search_term_string}"},"query-input":"required name=search_term_string"}],"inLanguage":"de"},{"@type":["Person","Organization"],"@id":"https:\/\/zeelandvilla.nl\/nl_nl\/#\/schema\/person\/6937f6f721a27509f3f6c393fb679ee1","name":"admin","image":{"@type":"ImageObject","inLanguage":"de","@id":"https:\/\/zeelandvilla.nl\/nl_nl\/#\/schema\/person\/image\/","url":"https:\/\/secure.gravatar.com\/avatar\/4221cb05316dfcfa3ba3e7f8a4c9419d?s=96&d=mm&r=g","contentUrl":"https:\/\/secure.gravatar.com\/avatar\/4221cb05316dfcfa3ba3e7f8a4c9419d?s=96&d=mm&r=g","caption":"admin"},"logo":{"@id":"https:\/\/zeelandvilla.nl\/nl_nl\/#\/schema\/person\/image\/"},"sameAs":["https:\/\/zeelandvilla.nl"]}]}},"_links":{"self":[{"href":"https:\/\/zeelandvilla.nl\/de\/wp-json\/wp\/v2\/pages\/85"}],"collection":[{"href":"https:\/\/zeelandvilla.nl\/de\/wp-json\/wp\/v2\/pages"}],"about":[{"href":"https:\/\/zeelandvilla.nl\/de\/wp-json\/wp\/v2\/types\/page"}],"author":[{"embeddable":true,"href":"https:\/\/zeelandvilla.nl\/de\/wp-json\/wp\/v2\/users\/1"}],"replies":[{"embeddable":true,"href":"https:\/\/zeelandvilla.nl\/de\/wp-json\/wp\/v2\/comments?post=85"}],"version-history":[{"count":4,"href":"https:\/\/zeelandvilla.nl\/de\/wp-json\/wp\/v2\/pages\/85\/revisions"}],"predecessor-version":[{"id":110,"href":"https:\/\/zeelandvilla.nl\/de\/wp-json\/wp\/v2\/pages\/85\/revisions\/110"}],"wp:attachment":[{"href":"https:\/\/zeelandvilla.nl\/de\/wp-json\/wp\/v2\/media?parent=85"}],"curies":[{"name":"wp","href":"https:\/\/api.w.org\/{rel}","templated":true}]}}