{"id":7,"date":"2020-04-28T11:25:51","date_gmt":"2020-04-28T11:25:51","guid":{"rendered":"https:\/\/zeelandvilla.nl\/?page_id=7"},"modified":"2023-05-07T14:49:03","modified_gmt":"2023-05-07T14:49:03","slug":"home","status":"publish","type":"page","link":"https:\/\/zeelandvilla.nl\/de\/","title":{"rendered":"HOME"},"content":{"rendered":"<p>[et_pb_section fb_built=&#8221;1&#8243; _builder_version=&#8221;4.16&#8243; custom_margin_tablet=&#8221;-240px||||false|false&#8221; custom_margin_phone=&#8221;-419px||||false|false&#8221; custom_margin_last_edited=&#8221;on|phone&#8221; global_colors_info=&#8221;{}&#8221;][et_pb_row _builder_version=&#8221;4.16&#8243; custom_margin_tablet=&#8221;&#8221; custom_margin_phone=&#8221;&#8221; custom_margin_last_edited=&#8221;on|phone&#8221; custom_padding=&#8221;0px||||false|false&#8221; global_colors_info=&#8221;{}&#8221;][et_pb_column type=&#8221;4_4&#8243; _builder_version=&#8221;4.16&#8243; global_colors_info=&#8221;{}&#8221;][et_pb_text _builder_version=&#8221;4.16&#8243; text_font=&#8221;|700||on|||||&#8221; text_text_color=&#8221;#e09900&#8243; text_font_size=&#8221;30px&#8221; header_font=&#8221;|700||on|||||&#8221; header_line_height=&#8221;1.6em&#8221; custom_margin_tablet=&#8221;250px||||false|false&#8221; custom_margin_phone=&#8221;400px||||false|false&#8221; custom_margin_last_edited=&#8221;on|phone&#8221; global_colors_info=&#8221;{}&#8221;]<\/p>\n<h1 style=\"text-align: center;\">freistehendes Ferienhaus an der K\u00fcste von Zeeland<\/h1>\n<p>[\/et_pb_text][\/et_pb_column][\/et_pb_row][et_pb_row column_structure=&#8221;1_2,1_2&#8243; use_custom_gutter=&#8221;on&#8221; make_equal=&#8221;on&#8221; _builder_version=&#8221;4.16&#8243; global_colors_info=&#8221;{}&#8221;][et_pb_column type=&#8221;1_2&#8243; _builder_version=&#8221;4.16&#8243; global_colors_info=&#8221;{}&#8221;][et_pb_text _builder_version=&#8221;4.16&#8243; text_font=&#8221;|600|||||||&#8221; text_font_size=&#8221;15px&#8221; global_colors_info=&#8221;{}&#8221;]<\/p>\n<p>Suchen Sie ein gro\u00dfes, luxuri\u00f6ses, freistehendes Ferienhaus, direkt an der K\u00fcste von Zeeland gelegen? Dann mieten Sie unsere Zeelandvilla in 150 Metern Entfernung vom Nordseestrand zwischen Neeltje Jans und dem Veerse meer im kinderfreundlichen Ferienpark Noordzee R\u00e9sidence De Banjaard. Die n\u00e4chstgelegenen Orte sind Kamperland, Middelburg und das malerische Veere.<\/p>\n<p>Im eingez\u00e4unten Garten (Gesamtgrundst\u00fccksgr\u00f6\u00dfe: 525 m) k\u00f6nnen die Kinder unbeschwert spielen. Sandkasten, Spielzeug, Wagen und Gartenm\u00f6bel stehen zur Verf\u00fcgung.\u00a0<\/p>\n<p><span style=\"font-size: 14px;\">Das Ferienhaus ist gro\u00df genug, um bei zwei Familien oder bei (Gro\u00df-)Eltern zu wohnen, und verf\u00fcgt \u00fcber zwei Parkpl\u00e4tze.<\/span><\/p>\n<p>[\/et_pb_text][\/et_pb_column][et_pb_column type=&#8221;1_2&#8243; _builder_version=&#8221;4.16&#8243; global_colors_info=&#8221;{}&#8221;][et_pb_code _builder_version=&#8221;4.16&#8243; global_colors_info=&#8221;{}&#8221;]<iframe loading=\"lazy\" src=\"\/\/enjoy360.nl\/eb37\/index.htm\" width=\"500\" height=\"300\" frameborder=\"0\" allow=\"fullscreen; accelerometer; gyroscope; magnetometer; vr\" allowfullscreen=\"true\" webkitallowfullscreen=\"true\" mozallowfullscreen=\"true\" oallowfullscreen=\"true\" msallowfullscreen=\"true\"><\/iframe>[\/et_pb_code][et_pb_text disabled_on=&#8221;on|off|off&#8221; _builder_version=&#8221;4.16&#8243; global_colors_info=&#8221;{}&#8221;]<\/p>\n<p>Dubbelklik op de tour voor desktop weergave<\/p>\n<p>[\/et_pb_text][\/et_pb_column][\/et_pb_row][\/et_pb_section][et_pb_section fb_built=&#8221;1&#8243; _builder_version=&#8221;4.16&#8243; global_colors_info=&#8221;{}&#8221;][et_pb_row _builder_version=&#8221;4.16&#8243; custom_margin=&#8221;-63px||||false|false&#8221; global_colors_info=&#8221;{}&#8221;][et_pb_column type=&#8221;4_4&#8243; _builder_version=&#8221;4.16&#8243; global_colors_info=&#8221;{}&#8221;][et_pb_text _builder_version=&#8221;4.16&#8243; text_font=&#8221;|700||on|||||&#8221; text_text_color=&#8221;#e09900&#8243; text_font_size=&#8221;30px&#8221; header_font=&#8221;|700||on|||||&#8221; global_colors_info=&#8221;{}&#8221;]<\/p>\n<h1 style=\"text-align: center;\">FOTOGALERIE<\/h1>\n<p>[\/et_pb_text][et_pb_gallery gallery_ids=&#8221;170,239,241,240,238,48,162,161,265,160,168,51,169,155,158,165,154,255&#8243; _builder_version=&#8221;4.19.0&#8243; title_font_size=&#8221;15px&#8221; title_line_height=&#8221;1.2em&#8221; background_color=&#8221;rgba(0,0,0,0)&#8221; text_orientation=&#8221;left&#8221; width=&#8221;100%&#8221; max_width=&#8221;100%&#8221; module_alignment=&#8221;left&#8221; height=&#8221;356px&#8221; max_height=&#8221;356px&#8221; custom_margin=&#8221;||-39px||false|false&#8221; custom_padding=&#8221;||0px||false|false&#8221; animation_style=&#8221;slide&#8221; hover_enabled=&#8221;0&#8243; border_style_all=&#8221;none&#8221; border_width_all_image=&#8221;2px&#8221; border_color_all_image=&#8221;#e09900&#8243; global_colors_info=&#8221;{}&#8221; sticky_enabled=&#8221;0&#8243;][\/et_pb_gallery][\/et_pb_column][\/et_pb_row][et_pb_row _builder_version=&#8221;4.16&#8243; global_colors_info=&#8221;{}&#8221;][et_pb_column type=&#8221;4_4&#8243; _builder_version=&#8221;4.16&#8243; global_colors_info=&#8221;{}&#8221;][et_pb_text _builder_version=&#8221;4.16&#8243; text_font=&#8221;|700||on|||||&#8221; text_text_color=&#8221;#e09900&#8243; text_font_size=&#8221;30px&#8221; header_font=&#8221;|700||on|||||&#8221; global_colors_info=&#8221;{}&#8221;]<\/p>\n<h1 style=\"text-align: center;\">BESCHREIBUNG UND MERKMALE<\/h1>\n<p>[\/et_pb_text][\/et_pb_column][\/et_pb_row][et_pb_row _builder_version=&#8221;4.16&#8243; global_colors_info=&#8221;{}&#8221;][et_pb_column type=&#8221;4_4&#8243; _builder_version=&#8221;4.16&#8243; global_colors_info=&#8221;{}&#8221;][et_pb_text _builder_version=&#8221;4.16&#8243; text_font=&#8221;|600|||||||&#8221; text_font_size=&#8221;15px&#8221; header_2_font_size_tablet=&#8221;&#8221; header_2_font_size_phone=&#8221;24px&#8221; header_2_font_size_last_edited=&#8221;on|phone&#8221; global_colors_info=&#8221;{}&#8221;]<\/p>\n<h2><strong>Grundriss des Hauses<\/strong><\/h2>\n<p>Die Zeelandvilla ist f\u00fcr 8 Personen geeignet und verf\u00fcgt \u00fcber 3 Schlafzimmer im Obergeschoss und 1 Schlafzimmer im Erdgeschoss. Es gibt zwei Badezimmer, ein ger\u00e4umiges Wohnzimmer mit offener K\u00fcche und einen Hauswirtschaftsraum. Der Garten ist vollst\u00e4ndig eingez\u00e4unt, bietet viel Privatsph\u00e4re und ist mit Gartenm\u00f6beln wie einem Esstisch mit 8 St\u00fchlen, vier Sonnenliegen mit Kissen, Sonnenschirm, einem Weber-Barbecue und verschiedenen Spielsachen f\u00fcr Kinder einschlie\u00dflich eines Wagens ausgestattet. Das Grundst\u00fcck ist ca. 550m2 gro\u00df und verf\u00fcgt \u00fcber einen privaten Parkplatz f\u00fcr 2 Autos. Nat\u00fcrlich gibt es kostenloses WiFi und die M\u00f6glichkeit, Netflix zu sehen oder Spotify zu h\u00f6ren.<\/p>\n<p>&nbsp;<\/p>\n<h2><strong>Parterre<\/strong><\/h2>\n<p class=\" translation-block\">Gem\u00fctliches Wohnzimmer mit Fu\u00dfbodenheizung, Wintergarten mit gro\u00dfem Esstisch und offener K\u00fcche. Das Wohnzimmer verf\u00fcgt \u00fcber einen Kamin, einen 55-Zoll-LED-Fernseher, ein Soundsystem und einen gef\u00fcllten B\u00fccher- und Spielschrank f\u00fcr alle Altersgruppen.\u00a0Die K\u00fcche ist mit Geschirrsp\u00fcler, Induktionskochfeld, Mikrowelle, Backofen, gro\u00dfem K\u00fchlschrank (mit separatem Gefrierfach), Kaffeemaschine, Wasserkocher und nat\u00fcrlich mit allem notwendigen K\u00fccheninventar ausgestattet.\u00a0Es gibt auch einen praktischen Hauswirtschaftsraum mit der Waschmaschine und dem Trockner und Platz f\u00fcr die Gartenkissen f\u00fcr Gartenm\u00f6bel und Spielzeug.<\/span><\/p>\n<p>Im Erdgeschoss befindet sich auch eines der vier ger\u00e4umigen Schlafzimmer. Das Schlafzimmer hat Terrassent\u00fcren zum Garten. Jedes Schlafzimmer hat zwei Betten und mehrere Schr\u00e4nke. Angrenzend befindet sich ein separates Badezimmer mit Waschbecken und Whirlpool-Badewanne!<span style=\"font-size: 14px;\">\u00a0<\/span><\/p>\n<p>&nbsp;<\/p>\n<h2><strong>Erste Etage<\/strong><\/h2>\n<p class=\" translation-block\">Im ersten Stock befinden sich die anderen drei ger\u00e4umigen Schlafzimmer, zwei davon mit Schiebet\u00fcren zum Balkon. Diese Schlafzimmer haben Verdunkelungsvorh\u00e4nge und in 1 Zimmer ist ein Kinderbett aufgestellt. Au\u00dferdem ein ger\u00e4umiges Badezimmer mit 2 Waschbecken, Dusche und eigener Sauna. Es gibt auch eine separate Toilette im Obergeschoss. Das Treppenhaus ist mit einem Treppentor abgeschirmt.\u00a0<span style=\"font-size: 14px\">Im Flur und in den Schlafzimmern ist Laminatparkett.<\/span><\/p>\n<p>[\/et_pb_text][\/et_pb_column][\/et_pb_row][et_pb_row _builder_version=&#8221;4.16&#8243; global_colors_info=&#8221;{}&#8221;][et_pb_column type=&#8221;4_4&#8243; _builder_version=&#8221;4.16&#8243; global_colors_info=&#8221;{}&#8221;][et_pb_text _builder_version=&#8221;4.16&#8243; text_font=&#8221;|600|||||||&#8221; text_font_size=&#8221;15px&#8221; header_font=&#8221;|||||on|||&#8221; header_2_font=&#8221;|700||||on|||&#8221; global_colors_info=&#8221;{}&#8221;]<\/p>\n<h2>\u00dcber die Nordsee-Residenz De Banjaard<\/h2>\n<div class=\"fold-text-wrapper closed js-fold-text-wrapper\">\n<p><span class=\"btn-rate\" onclick=\"uiReview.toggleRatePopup(this, event)\"><\/span><\/p>\n<div class=\"fold-text js-fold-text\">\n<h4>Die Nordseek\u00fcste genie\u00dfen<\/h4>\n<p>In wundersch\u00f6ner Lage, direkt am Nordseestrand und in der N\u00e4he der Oosterschelde und des Veerse Meers, finden Sie die Noordzee R\u00e9sidence De Banjaard. Ein ger\u00e4umiger Ferienpark mit ausgezeichneten Einrichtungen. Baden Sie im Schwimmbad, schlagen Sie einen Ball auf dem Tennisplatz oder genie\u00dfen Sie gutes Essen und Trinken auf der Terrasse des Park-Restaurants, hier wird es Ihnen nicht langweilig. Das Gebiet bietet auch viele M\u00f6glichkeiten f\u00fcr einen Tagesausflug. Vom Einkaufsbummel in Middelburg bis zu den pl\u00e4tschernden Attraktionen und Meeresbewohnern des nahe gelegenen Deltaparks Neeltje Jans: Es gibt viel zu tun f\u00fcr Jung und Alt.<\/p>\n<p>Strandliefhebbers zijn binnen enkele minuten lopen op het Banjaardstrand; al meerdere jaren het schoonste en mooiste strand van Nederland. Bovendien is het onderscheiden met een Blauwe Vlag, een Europees keurmerk voor schone en veilige jachthavens en stranden.<\/p>\n<\/div>\n<\/div>\n<p>[\/et_pb_text][\/et_pb_column][\/et_pb_row][\/et_pb_section]<\/p>","protected":false},"excerpt":{"rendered":"<p>vrijstaand vakantiehuis aan de Zeeuwse kustBen je op zoek naar een groot luxe vrijstaand vakantiehuis, direct gelegen aan de Zeeuwse kust? Huur dan onze Zeelandvilla op 150 meter loopafstand van het Noordzee strand tussen Neeltje Jans en het Veerse meer in het kindvriendelijke vakantiepark Noordzee R\u00e9sidence De Banjaard. Dichtstbijzijnde plaatsen zijn Kamperland, Middelburg en het [&hellip;]<\/p>","protected":false},"author":1,"featured_media":146,"parent":0,"menu_order":0,"comment_status":"closed","ping_status":"closed","template":"","meta":{"_et_pb_use_builder":"on","_et_pb_old_content":"","_et_gb_content_width":""},"yoast_head":"<!-- This site is optimized with the Yoast SEO plugin v20.1 - https:\/\/yoast.com\/wordpress\/plugins\/seo\/ -->\n<title>Te huur: Vrijstaand vakantiehuis aan de Zeeuwse kust<\/title>\n<meta name=\"description\" content=\"Op zoek naar een ruim vrijstaand vakantiehuis, direct aan het Noordzeestrand met de meeste zonne uren? Bekijk de beschikbaarheid van onze Zeelandvilla\" \/>\n<meta name=\"robots\" content=\"index, follow, max-snippet:-1, max-image-preview:large, max-video-preview:-1\" \/>\n<link rel=\"canonical\" href=\"https:\/\/zeelandvilla.nl\/de\/\" \/>\n<meta property=\"og:locale\" content=\"de_DE\" \/>\n<meta property=\"og:type\" content=\"article\" \/>\n<meta property=\"og:title\" content=\"Te huur: Vrijstaand vakantiehuis aan de Zeeuwse kust\" \/>\n<meta property=\"og:description\" content=\"Op zoek naar een ruim vrijstaand vakantiehuis, direct aan het Noordzeestrand met de meeste zonne uren? Bekijk de beschikbaarheid van onze Zeelandvilla\" \/>\n<meta property=\"og:url\" content=\"https:\/\/zeelandvilla.nl\/de\/\" \/>\n<meta property=\"og:site_name\" content=\"Zeelandvilla\" \/>\n<meta property=\"article:modified_time\" content=\"2023-05-07T14:49:03+00:00\" \/>\n<meta property=\"og:image\" content=\"https:\/\/zeelandvilla.nl\/wp-content\/uploads\/2020\/05\/IMG-20200506-WA0017.jpg\" \/>\n\t<meta property=\"og:image:width\" content=\"1024\" \/>\n\t<meta property=\"og:image:height\" content=\"768\" \/>\n\t<meta property=\"og:image:type\" content=\"image\/jpeg\" \/>\n<meta name=\"twitter:card\" content=\"summary_large_image\" \/>\n<meta name=\"twitter:label1\" content=\"Gesch\u00e4tzte Lesezeit\" \/>\n\t<meta name=\"twitter:data1\" content=\"5\u00a0Minuten\" \/>\n<script type=\"application\/ld+json\" class=\"yoast-schema-graph\">{\"@context\":\"https:\/\/schema.org\",\"@graph\":[{\"@type\":\"WebPage\",\"@id\":\"https:\/\/zeelandvilla.nl\/nl_nl\/\",\"url\":\"https:\/\/zeelandvilla.nl\/nl_nl\/\",\"name\":\"Te huur: Vrijstaand vakantiehuis aan de Zeeuwse kust\",\"isPartOf\":{\"@id\":\"https:\/\/zeelandvilla.nl\/nl_nl\/#website\"},\"datePublished\":\"2020-04-28T11:25:51+00:00\",\"dateModified\":\"2023-05-07T14:49:03+00:00\",\"description\":\"Op zoek naar een ruim vrijstaand vakantiehuis, direct aan het Noordzeestrand met de meeste zonne uren? Bekijk de beschikbaarheid van onze Zeelandvilla\",\"breadcrumb\":{\"@id\":\"https:\/\/zeelandvilla.nl\/nl_nl\/#breadcrumb\"},\"inLanguage\":\"de\",\"potentialAction\":[{\"@type\":\"ReadAction\",\"target\":[\"https:\/\/zeelandvilla.nl\/nl_nl\/\"]}]},{\"@type\":\"BreadcrumbList\",\"@id\":\"https:\/\/zeelandvilla.nl\/nl_nl\/#breadcrumb\",\"itemListElement\":[{\"@type\":\"ListItem\",\"position\":1,\"name\":\"Home\",\"item\":\"https:\/\/zeelandvilla.nl\/nl_nl\/\"},{\"@type\":\"ListItem\",\"position\":2,\"name\":\"HOME\"}]},{\"@type\":\"WebSite\",\"@id\":\"https:\/\/zeelandvilla.nl\/nl_nl\/#website\",\"url\":\"https:\/\/zeelandvilla.nl\/nl_nl\/\",\"name\":\"Zeelandvilla\",\"description\":\"Vakantiehuis aan Zeeuwse kust\",\"publisher\":{\"@id\":\"https:\/\/zeelandvilla.nl\/nl_nl\/#\/schema\/person\/6937f6f721a27509f3f6c393fb679ee1\"},\"potentialAction\":[{\"@type\":\"SearchAction\",\"target\":{\"@type\":\"EntryPoint\",\"urlTemplate\":\"https:\/\/zeelandvilla.nl\/nl_nl\/?s={search_term_string}\"},\"query-input\":\"required name=search_term_string\"}],\"inLanguage\":\"de\"},{\"@type\":[\"Person\",\"Organization\"],\"@id\":\"https:\/\/zeelandvilla.nl\/nl_nl\/#\/schema\/person\/6937f6f721a27509f3f6c393fb679ee1\",\"name\":\"admin\",\"image\":{\"@type\":\"ImageObject\",\"inLanguage\":\"de\",\"@id\":\"https:\/\/zeelandvilla.nl\/nl_nl\/#\/schema\/person\/image\/\",\"url\":\"https:\/\/secure.gravatar.com\/avatar\/4221cb05316dfcfa3ba3e7f8a4c9419d?s=96&d=mm&r=g\",\"contentUrl\":\"https:\/\/secure.gravatar.com\/avatar\/4221cb05316dfcfa3ba3e7f8a4c9419d?s=96&d=mm&r=g\",\"caption\":\"admin\"},\"logo\":{\"@id\":\"https:\/\/zeelandvilla.nl\/nl_nl\/#\/schema\/person\/image\/\"},\"sameAs\":[\"https:\/\/zeelandvilla.nl\"]}]}<\/script>\n<!-- \/ Yoast SEO plugin. -->","yoast_head_json":{"title":"Te huur: Vrijstaand vakantiehuis aan de Zeeuwse kust","description":"Op zoek naar een ruim vrijstaand vakantiehuis, direct aan het Noordzeestrand met de meeste zonne uren? Bekijk de beschikbaarheid van onze Zeelandvilla","robots":{"index":"index","follow":"follow","max-snippet":"max-snippet:-1","max-image-preview":"max-image-preview:large","max-video-preview":"max-video-preview:-1"},"canonical":"https:\/\/zeelandvilla.nl\/de\/","og_locale":"de_DE","og_type":"article","og_title":"Te huur: Vrijstaand vakantiehuis aan de Zeeuwse kust","og_description":"Op zoek naar een ruim vrijstaand vakantiehuis, direct aan het Noordzeestrand met de meeste zonne uren? Bekijk de beschikbaarheid van onze Zeelandvilla","og_url":"https:\/\/zeelandvilla.nl\/de\/","og_site_name":"Zeelandvilla","article_modified_time":"2023-05-07T14:49:03+00:00","og_image":[{"width":1024,"height":768,"url":"https:\/\/zeelandvilla.nl\/wp-content\/uploads\/2020\/05\/IMG-20200506-WA0017.jpg","type":"image\/jpeg"}],"twitter_card":"summary_large_image","twitter_misc":{"Gesch\u00e4tzte Lesezeit":"5\u00a0Minuten"},"schema":{"@context":"https:\/\/schema.org","@graph":[{"@type":"WebPage","@id":"https:\/\/zeelandvilla.nl\/nl_nl\/","url":"https:\/\/zeelandvilla.nl\/nl_nl\/","name":"Te huur: Vrijstaand vakantiehuis aan de Zeeuwse kust","isPartOf":{"@id":"https:\/\/zeelandvilla.nl\/nl_nl\/#website"},"datePublished":"2020-04-28T11:25:51+00:00","dateModified":"2023-05-07T14:49:03+00:00","description":"Op zoek naar een ruim vrijstaand vakantiehuis, direct aan het Noordzeestrand met de meeste zonne uren? Bekijk de beschikbaarheid van onze Zeelandvilla","breadcrumb":{"@id":"https:\/\/zeelandvilla.nl\/nl_nl\/#breadcrumb"},"inLanguage":"de","potentialAction":[{"@type":"ReadAction","target":["https:\/\/zeelandvilla.nl\/nl_nl\/"]}]},{"@type":"BreadcrumbList","@id":"https:\/\/zeelandvilla.nl\/nl_nl\/#breadcrumb","itemListElement":[{"@type":"ListItem","position":1,"name":"Home","item":"https:\/\/zeelandvilla.nl\/nl_nl\/"},{"@type":"ListItem","position":2,"name":"HOME"}]},{"@type":"WebSite","@id":"https:\/\/zeelandvilla.nl\/nl_nl\/#website","url":"https:\/\/zeelandvilla.nl\/nl_nl\/","name":"Zeelandvilla","description":"Vakantiehuis aan Zeeuwse kust","publisher":{"@id":"https:\/\/zeelandvilla.nl\/nl_nl\/#\/schema\/person\/6937f6f721a27509f3f6c393fb679ee1"},"potentialAction":[{"@type":"SearchAction","target":{"@type":"EntryPoint","urlTemplate":"https:\/\/zeelandvilla.nl\/nl_nl\/?s={search_term_string}"},"query-input":"required name=search_term_string"}],"inLanguage":"de"},{"@type":["Person","Organization"],"@id":"https:\/\/zeelandvilla.nl\/nl_nl\/#\/schema\/person\/6937f6f721a27509f3f6c393fb679ee1","name":"admin","image":{"@type":"ImageObject","inLanguage":"de","@id":"https:\/\/zeelandvilla.nl\/nl_nl\/#\/schema\/person\/image\/","url":"https:\/\/secure.gravatar.com\/avatar\/4221cb05316dfcfa3ba3e7f8a4c9419d?s=96&d=mm&r=g","contentUrl":"https:\/\/secure.gravatar.com\/avatar\/4221cb05316dfcfa3ba3e7f8a4c9419d?s=96&d=mm&r=g","caption":"admin"},"logo":{"@id":"https:\/\/zeelandvilla.nl\/nl_nl\/#\/schema\/person\/image\/"},"sameAs":["https:\/\/zeelandvilla.nl"]}]}},"_links":{"self":[{"href":"https:\/\/zeelandvilla.nl\/de\/wp-json\/wp\/v2\/pages\/7"}],"collection":[{"href":"https:\/\/zeelandvilla.nl\/de\/wp-json\/wp\/v2\/pages"}],"about":[{"href":"https:\/\/zeelandvilla.nl\/de\/wp-json\/wp\/v2\/types\/page"}],"author":[{"embeddable":true,"href":"https:\/\/zeelandvilla.nl\/de\/wp-json\/wp\/v2\/users\/1"}],"replies":[{"embeddable":true,"href":"https:\/\/zeelandvilla.nl\/de\/wp-json\/wp\/v2\/comments?post=7"}],"version-history":[{"count":52,"href":"https:\/\/zeelandvilla.nl\/de\/wp-json\/wp\/v2\/pages\/7\/revisions"}],"predecessor-version":[{"id":267,"href":"https:\/\/zeelandvilla.nl\/de\/wp-json\/wp\/v2\/pages\/7\/revisions\/267"}],"wp:featuredmedia":[{"embeddable":true,"href":"https:\/\/zeelandvilla.nl\/de\/wp-json\/wp\/v2\/media\/146"}],"wp:attachment":[{"href":"https:\/\/zeelandvilla.nl\/de\/wp-json\/wp\/v2\/media?parent=7"}],"curies":[{"name":"wp","href":"https:\/\/api.w.org\/{rel}","templated":true}]}}